{"id":2005,"date":"2026-03-03T14:02:40","date_gmt":"2026-03-03T13:02:40","guid":{"rendered":"https:\/\/bibliotecadigitale.lincei.it\/?page_id=2005"},"modified":"2026-03-04T11:58:20","modified_gmt":"2026-03-04T10:58:20","slug":"informativa-privacy2","status":"publish","type":"page","link":"https:\/\/bibliotecadigitale.lincei.it\/?page_id=2005","title":{"rendered":"Informativa protezione dati"},"content":{"rendered":"\n<div style=\"background-image:url(&#039;https:\/\/bibliotecadigitale.lincei.it\/wp-content\/uploads\/2026\/03\/SALA-DI-LETTURA_PARTICOLARE-SOFFITTO.jpg&#039;);background-size:cover;\" class=\"wp-block-group is-layout-constrained wp-block-group-is-layout-constrained has-background\">\n<p class=\"has-text-align-left has-background has-medium-font-size\" style=\"border-width:1px;background-color:#ffffffd6;margin-top:20px;margin-right:50px;margin-bottom:20px;margin-left:50px\"><strong>Informativa protezione dati<br><\/strong><br>L\u2019 Accademia Nazionale dei Lincei, titolare del trattamento dei dati, informa gli utenti del sistema circa l\u2019utilizzo che fa dei dati personali che li riguardano e che pu\u00f2 aver raccolto durante la navigazione web, come previsto dall\u2019art. 13 del Regolamento (UE) 2016\/679 (Regolamento Generale sulla Protezione dei Dati o \u201cGDPR\u201d). L\u2019informativa s\u2019intende applicata a tutti i sistemi gestiti dall\u2019Accademia. <br><br><strong>Titolare e Responsabile del Trattamento<\/strong><br>Il Titolare del Trattamento \u00e8 Accademia Nazionale dei Lincei, nella persona del Presidente, con sede legale a Roma (RM) in Via della Lungara 10, tel: +39 06 680271, e-mail: <a href=\"mailto:protocollo@lincei.it\" id=\"link_email\"><strong>protocollo@lincei.it<\/strong><\/a>, pec: <a href=\"mailto:accademianazionaledeilincei@postecert.it\" id=\"link_email\"><strong>accademianazionaledeilincei@postecert.it<\/strong><\/a>.<br><br><strong>Responsabile della Protezione dei Dati (RPD)<\/strong><br> Ai sensi dell\u2019art. 37 e segg. del GDPR, l\u2019Accademia Nazionale dei Lincei ha nominato il Responsabile della protezione dei dati (RPD), che pu\u00f2 essere contattato utilizzando l\u2019indirizzo e-mail <a href=\"mailto:rpd@lincei.it\" id=\"link_email\"><strong>rpd@lincei.it<\/strong><\/a>. <br><br><strong>Oggetto del trattamento<\/strong><br>a) Dati di navigazione <br>In questa categoria di dati rientrano gli indirizzi IP o i nomi a dominio dei computer utilizzati dagli utenti che si connettono al sito, gli indirizzi in notazione URI (Uniform Resource Identifier) delle risorse richieste, l&#8217;orario della richiesta, il metodo utilizzato nel sottoporre la richiesta al server, la dimensione del file ottenuto in risposta, il codice numerico indicante lo stato della risposta data dal server (buon fine, errore, ecc.) e altri parametri relativi al sistema operativo e all&#8217;ambiente informatico dell&#8217;utente. I dati di navigazione vengono acquisiti non per finalit\u00e0 di identificazione degli utenti, ma all\u2019unico fine di raccogliere, in forma anonima, informazioni statistiche sull\u2019utilizzo del sito e dei suoi servizi.<br>b) Cookie <br>I portali web gestiti dell\u2019Accademia impiegano una tecnologia denominata \u201ccookie\u201d, che aiuta a comprendere quale parte dei siti web \u00e8 pi\u00f9 frequentata, qual \u00e8 il loro percorso nel sito e quanto tempo sono rimasti nel sito. Le attivit\u00e0 di registrazione e di gestione di tracce\/percorsi sono eseguite secondo modalit\u00e0 che rendono i dati non identificabili. Per saperne di pi\u00f9, suggeriamo di consultare la Cookie Policy. <br>c) Dati forniti dall\u2019utente <br>In fase di compilazione di moduli on-line vengono richiesti alcuni dati personali che servono per l\u2019identificazione del soggetto; i dati forniti sono facoltativi e forniti espressamente dall\u2019utente. <br>d) Servizi in area riservata <br>Nel sito sono presenti alcune pagine dalle quali si pu\u00f2 accedere ad aree riservate ad utenti particolari. L&#8217;accesso a tali pagine da parte del soggetto abilitato \u00e8 strettamente personale e basato sull&#8217;utilizzo di credenziali di autenticazione in possesso unicamente dei singoli utenti. <br><br><strong>Finalit\u00e0 del trattamento cui sono destinati i dati<\/strong><br>a) Consentire la navigazione sul sito.<br>b) Fornire le informazioni e i servizi richiesti (specifiche informative sono riportate nelle pagine web dedicate a particolari servizi a richiesta).<br>c) Ricavare informazioni statistiche anonime e aggregate sull\u2019uso del servizio, controllare il corretto funzionamento del servizio, svolgere attivit\u00e0 di monitoraggio a supporto della sicurezza del servizio e individuare le azioni volte al miglioramento dello stesso (per i dati di navigazione).<br>d) Adempiere ad obblighi di legge e\/o ottemperare ad ordini provenienti da pubbliche autorit\u00e0.<br>e) Accertare le responsabilit\u00e0, in caso di eventuali reati informatici ai danni del sito o dei suoi utilizzatori.<br><br><strong>Diritti dell\u2019interessato<\/strong><br>Nei casi previsti, gli interessati hanno il diritto di ottenere dal Titolare del trattamento l\u2019accesso ai propri dati personali, la loro rettifica o cancellazione, la loro portabilit\u00e0, la limitazione del loro trattamento o di opporsi al trattamento (art. 15 e ss. del GDPR). Per l\u2019esercizio di questi diritti l\u2019interessato pu\u00f2 rivolgersi al Responsabile della protezione dei dati (RPD), inviando la richiesta via mail all\u2019indirizzo <a href=\"mailto:rpd@lincei.it\" id=\"link_email\"><strong>rpd@lincei.it<\/strong><\/a>.<br><br><strong>Periodo di conservazione dei dati<\/strong><br>I Suoi dati personali verranno conservati nel rispetto della normativa vigente nazionale e unionale e, in ogni caso, per il tempo necessario al conseguimento delle finalit\u00e0 per le quali sono stati raccolti. <br><br><strong>Aggiornamenti<\/strong><br>La Privacy Policy di questo sito \u00e8 soggetta ad aggiornamenti; gli utenti sono pertanto invitati a verificarne periodicamente il contenuto.<\/p>\n<\/div>\n\n\n\n<p><\/p>\n\n\n\n<p><\/p>\n","protected":false},"excerpt":{"rendered":"<p>Informativa protezione datiL\u2019 Accademia Nazionale dei Lincei, titolare del trattamento dei dati, informa gli utenti del sistema circa l\u2019utilizzo che [&hellip;]<\/p>\n","protected":false},"author":2,"featured_media":0,"parent":0,"menu_order":0,"comment_status":"closed","ping_status":"closed","template":"","meta":{"_acf_changed":false,"_eb_attr":"","site-sidebar-layout":"default","site-content-layout":"","ast-site-content-layout":"","site-content-style":"default","site-sidebar-style":"default","ast-global-header-display":"","ast-banner-title-visibility":"","ast-main-header-display":"","ast-hfb-above-header-display":"","ast-hfb-below-header-display":"","ast-hfb-mobile-header-display":"","site-post-title":"disabled","ast-breadcrumbs-content":"","ast-featured-img":"","footer-sml-layout":"","theme-transparent-header-meta":"","adv-header-id-meta":"","stick-header-meta":"","header-above-stick-meta":"","header-main-stick-meta":"","header-below-stick-meta":"","astra-migrate-meta-layouts":"default","ast-page-background-enabled":"default","ast-page-background-meta":{"desktop":{"background-color":"var(--ast-global-color-5)","background-image":"","background-repeat":"repeat","background-position":"center center","background-size":"auto","background-attachment":"scroll","background-type":"","background-media":"","overlay-type":"","overlay-color":"","overlay-opacity":"","overlay-gradient":""},"tablet":{"background-color":"","background-image":"","background-repeat":"repeat","background-position":"center center","background-size":"auto","background-attachment":"scroll","background-type":"","background-media":"","overlay-type":"","overlay-color":"","overlay-opacity":"","overlay-gradient":""},"mobile":{"background-color":"","background-image":"","background-repeat":"repeat","background-position":"center center","background-size":"auto","background-attachment":"scroll","background-type":"","background-media":"","overlay-type":"","overlay-color":"","overlay-opacity":"","overlay-gradient":""}},"ast-content-background-meta":{"desktop":{"background-color":"var(--ast-global-color-4)","background-image":"","background-repeat":"repeat","background-position":"center center","background-size":"auto","background-attachment":"scroll","background-type":"","background-media":"","overlay-type":"","overlay-color":"","overlay-opacity":"","overlay-gradient":""},"tablet":{"background-color":"var(--ast-global-color-4)","background-image":"","background-repeat":"repeat","background-position":"center center","background-size":"auto","background-attachment":"scroll","background-type":"","background-media":"","overlay-type":"","overlay-color":"","overlay-opacity":"","overlay-gradient":""},"mobile":{"background-color":"var(--ast-global-color-4)","background-image":"","background-repeat":"repeat","background-position":"center center","background-size":"auto","background-attachment":"scroll","background-type":"","background-media":"","overlay-type":"","overlay-color":"","overlay-opacity":"","overlay-gradient":""}},"footnotes":""},"class_list":["post-2005","page","type-page","status-publish","hentry"],"acf":[],"_links":{"self":[{"href":"https:\/\/bibliotecadigitale.lincei.it\/index.php?rest_route=\/wp\/v2\/pages\/2005","targetHints":{"allow":["GET"]}}],"collection":[{"href":"https:\/\/bibliotecadigitale.lincei.it\/index.php?rest_route=\/wp\/v2\/pages"}],"about":[{"href":"https:\/\/bibliotecadigitale.lincei.it\/index.php?rest_route=\/wp\/v2\/types\/page"}],"author":[{"embeddable":true,"href":"https:\/\/bibliotecadigitale.lincei.it\/index.php?rest_route=\/wp\/v2\/users\/2"}],"replies":[{"embeddable":true,"href":"https:\/\/bibliotecadigitale.lincei.it\/index.php?rest_route=%2Fwp%2Fv2%2Fcomments&post=2005"}],"version-history":[{"count":12,"href":"https:\/\/bibliotecadigitale.lincei.it\/index.php?rest_route=\/wp\/v2\/pages\/2005\/revisions"}],"predecessor-version":[{"id":2087,"href":"https:\/\/bibliotecadigitale.lincei.it\/index.php?rest_route=\/wp\/v2\/pages\/2005\/revisions\/2087"}],"wp:attachment":[{"href":"https:\/\/bibliotecadigitale.lincei.it\/index.php?rest_route=%2Fwp%2Fv2%2Fmedia&parent=2005"}],"curies":[{"name":"wp","href":"https:\/\/api.w.org\/{rel}","templated":true}]}}